{"id":13,"date":"2019-10-14T23:35:14","date_gmt":"2019-10-14T21:35:14","guid":{"rendered":"http:\/\/msprimda.cz\/?page_id=13"},"modified":"2019-10-16T13:42:29","modified_gmt":"2019-10-16T11:42:29","slug":"vzdelavaci-program","status":"publish","type":"page","link":"https:\/\/msprimda.cz\/index.php\/vzdelavaci-program\/","title":{"rendered":"Vzd\u011bl\u00e1vac\u00ed program"},"content":{"rendered":"\n<h3 class=\"wp-block-heading\"><strong>Charakteristika vzd\u011bl\u00e1vac\u00edho programu<\/strong><\/h3>\n\n\n\n<p>Motto:<\/p>\n\n\n\n<blockquote class=\"wp-block-quote is-layout-flow wp-block-quote-is-layout-flow\"><p><em>Cesty nikdo nedohon\u00ed<\/em>, <em>ut\u00edkaj\u00ed tam<\/em> a <em>zp\u011bt<\/em>,. <em>zvol<\/em> si <em>jednu<\/em> a <em>jdi<\/em> po <em>n\u00ed<\/em>, <em>pozn\u00e1\u0161<\/em> cel\u00fd \u0161ir\u00fd <em>sv\u011bt<\/em>.<\/p><\/blockquote>\n\n\n\n<p>N\u00e1\u0161  program vych\u00e1z\u00ed z c\u00edl\u016f a p\u011bti oblast\u00ed R\u00e1mcov\u00e9ho programu pro p\u0159ed\u0161koln\u00ed vzd\u011bl\u00e1v\u00e1n\u00ed. Pro snadn\u00e9 zapamatov\u00e1n\u00ed, hravou formou a p\u0159ehlednost reprezentuj\u00ed tyto oblasti cesty p\u011bti druh\u016f. Z t\u011bchto cest &#8211; oblast\u00ed je sestaven \u0161koln\u00ed vzd\u011bl\u00e1vac\u00ed program \u201eCesty\u201c s n\u011bkolika integrovan\u00fdmi bloky, kter\u00e9 dotv\u00e1\u0159\u00ed pedagog dal\u0161\u00edmi podt\u00e9maty ve sv\u00e9m t\u0159\u00eddn\u00edm vzd\u011bl\u00e1vac\u00edm pl\u00e1nu.<\/p>\n\n\n\n<p>C\u00edlem je vytvo\u0159it co nejrozmanit\u011bj\u0161\u00ed v\u00fdlet &#8211; skladbu vz\u00e1jemn\u011b se ovliv\u0148uj\u00edc\u00edch, prol\u00ednaj\u00edc\u00edch a propojen\u00fdch oblast\u00ed &#8211; cest.<\/p>\n\n\n\n<h4 class=\"wp-block-heading\">Vzd\u011bl\u00e1vac\u00ed \u010dinnost je zpracovan\u00e1 do r\u016fzn\u011bdob\u00fdch podt\u00e9mat:<\/h4>\n\n\n\n<ul class=\"wp-block-list\"><li>Je zalo\u017eena na metod\u00e1ch p\u0159\u00edm\u00fdch z\u00e1\u017eitk\u016f, vyu\u017e\u00edv\u00e1 d\u011btsk\u00e9 zv\u00eddavosti a  pot\u0159eby objevovat, vede d\u011bti k individu\u00e1ln\u00ed pr\u00e1ci s vytvo\u0159en\u00edm podm\u00ednek pro \u010dinnosti d\u00edt\u011bte.<\/li><li>Probouz\u00ed v d\u00edt\u011bti aktivn\u00ed z\u00e1jem a chu\u0165 d\u00edvat se kolem sebe, naslouchat, objevovat, ale i odvahu uk\u00e1zat, co v\u0161echno u\u017e samo um\u00ed, zvl\u00e1dne a dok\u00e1\u017ee.<\/li><li>Nep\u0159edkl\u00e1d\u00e1 d\u011btem jen hotov\u00e9 n\u00e1vody, ale naopak jim umo\u017en\u00ed hledat samostatn\u00e9 cesty tvo\u0159iv\u00fdm my\u0161len\u00edm a vlastn\u00edm n\u00e1padem.<\/li><\/ul>\n\n\n\n<h4 class=\"wp-block-heading\">Hlavn\u00ed c\u00edle p\u0159ed\u0161koln\u00edho vzd\u011bl\u00e1v\u00e1n\u00ed:<\/h4>\n\n\n\n<ul class=\"wp-block-list\"><li>Rozv\u00edjen\u00ed d\u00edt\u011bte a jeho schopnost u\u010den\u00ed.<\/li><li>Osvojen\u00ed si z\u00e1klad\u016f hodnot,na nich\u017e je zalo\u017eena na\u0161e spole\u010dnost.<\/li><li>Z\u00edsk\u00e1n\u00ed osobn\u00ed samostatnosti,schopnosti projevovat se jako samostatn\u00e1 osobnost p\u016fsob\u00edc\u00ed na sv\u00e9 okol\u00ed.<\/li><\/ul>\n\n\n\n<h4 class=\"wp-block-heading\">Rozvoj osobnosti d\u00edt\u011bte:<\/h4>\n\n\n\n<ul class=\"wp-block-list\"><li>Rozv\u00edj\u00ed d\u00edt\u011b v souladu s jeho schopnostmi a mo\u017enostmi.<\/li><li>Vytv\u00e1\u0159\u00ed dostatek podn\u011bt\u016f k u\u010den\u00ed a radosti z n\u011bho.<\/li><li>Posiluje sebev\u011bdom\u00ed d\u00edt\u011bte a jeho d\u016fv\u011bru ve vlastn\u00ed schopnosti.<\/li><li>Vytv\u00e1\u0159\u00ed prost\u0159ed\u00ed pro vz\u00e1jemn\u00e9 vztahy mezi d\u011btmi.<\/li><li>Stimuluje rozvoj \u0159e\u010di.<\/li><li>Seznamuje d\u011bti se v\u0161\u00edm,co je d\u016fle\u017eit\u00e9 pro \u017eivot.<\/li><li>Zd\u016fraz\u0148uje v\u00fdznam vlastn\u00edch aktivit.<\/li><li>Je p\u0159ipraven pomoci d\u011btem ,pokud to pot\u0159ebuj\u00ed.<\/li><li>Vytv\u00e1\u0159\u00ed prost\u0159ed\u00ed pohody a radosti z pro\u017eit\u00e9ho dne.<\/li><\/ul>\n\n\n\n<h4 class=\"wp-block-heading\">Uplat\u0148ov\u00e1n\u00ed pod\u00edlu rodi\u010d\u016f na vzd\u011bl\u00e1v\u00e1n\u00ed v mate\u0159sk\u00e9 \u0161kole:<\/h4>\n\n\n\n<ul class=\"wp-block-list\"><li>Usiluje o partnersk\u00e9 vztahy s rodi\u010di.<\/li><li>Odpov\u00edd\u00e1 za umo\u017en\u011bn\u00ed p\u0159\u00edstupu rodi\u010d\u016f ke sv\u00fdm d\u011btem ve t\u0159\u00edd\u011b a mo\u017enost pod\u00edlet se na \u010dinnosti s d\u011btmi.<\/li><li>Umo\u017e\u0148uje rodi\u010d\u016fm \u00fa\u010dastnit se na tvorb\u011b programu \u0161koly a jeho hodnocen\u00ed.<\/li><li>Vede s rodi\u010di pr\u016fb\u011b\u017en\u00fd dialog o jejich d\u011btech.<\/li><\/ul>\n\n\n\n<h4 class=\"wp-block-heading\">Cesty:<\/h4>\n\n\n\n<ul class=\"wp-block-list\"><li><strong>DLOUH\u00c1 CESTA<\/strong> &#8211; D\u00cdT\u011a A JEHO SV\u011aT<\/li><li><strong>KR\u00c1TK\u00c1 CESTA<\/strong> &#8211; D\u00cdT\u011a A JEHO PSYCHIKA<\/li><li><strong>\u0160IROK\u00c1 CESTA<\/strong> &#8211; D\u00cdT\u011a A TEN DRUH\u00dd<\/li><li><strong>\u00daZK\u00c1 CESTA<\/strong> &#8211; D\u00cdT\u00c9&nbsp; A SPOLE\u010cNOST<\/li><li><strong>KLIKAT\u00c1 CESTA<\/strong> &#8211; D\u00cdT\u011a A SV\u011aT<\/li><\/ul>\n\n\n\n<h4 class=\"wp-block-heading\">T\u0159\u00eddn\u00ed vzd\u011bl\u00e1vac\u00ed programy:<\/h4>\n\n\n\n<p>1.t\u0159\u00edda &#8222;Cesta za poh\u00e1dkou&#8220;<br>2.t\u0159\u00edda &#8222;Cestou necestou&#8220;<\/p>\n\n\n\n<p>Jednotliv\u00e9 integrovan\u00e9 bloky obsahuj\u00ed n\u00e1vrhy podt\u00e9mat, kter\u00e1 jsou d\u00e1le pedagogem rozpracov\u00e1na podle podm\u00ednek a v\u011bku d\u011bt\u00ed do jednotliv\u00fdch \u010dinnost\u00ed. P\u0159i ka\u017ed\u00e9m rozpracov\u00e1n\u00ed jsou respektov\u00e1ny po\u017eadavky na:<\/p>\n\n\n\n<ul class=\"wp-block-list\"><li><a href=\".\/podzimni-cesta\">Podzimn\u00ed cesta<\/a><\/li><li><a href=\".\/cesta-do-spolecnosti\">Cesta do spole\u010dnosti<\/a><\/li><li><a href=\".\/zimni-cesta\">Zimn\u00ed cesta<\/a><\/li><li><a href=\".\/jarni-cesta\">Jarn\u00ed cesta<\/a><\/li><\/ul>\n","protected":false},"excerpt":{"rendered":"<p>Charakteristika vzd\u011bl\u00e1vac\u00edho programu Motto: Cesty nikdo nedohon\u00ed, ut\u00edkaj\u00ed tam a zp\u011bt,. zvol si jednu a jdi po n\u00ed, pozn\u00e1\u0161 cel\u00fd \u0161ir\u00fd sv\u011bt. N\u00e1\u0161 program vych\u00e1z\u00ed z c\u00edl\u016f a p\u011bti oblast\u00ed R\u00e1mcov\u00e9ho programu pro p\u0159ed\u0161koln\u00ed vzd\u011bl\u00e1v\u00e1n\u00ed. Pro snadn\u00e9 zapamatov\u00e1n\u00ed, hravou formou a p\u0159ehlednost reprezentuj\u00ed tyto oblasti [&hellip;]<\/p>\n","protected":false},"author":1,"featured_media":0,"parent":0,"menu_order":0,"comment_status":"closed","ping_status":"closed","template":"","meta":{"footnotes":""},"class_list":["post-13","page","type-page","status-publish","hentry"],"_links":{"self":[{"href":"https:\/\/msprimda.cz\/index.php\/wp-json\/wp\/v2\/pages\/13","targetHints":{"allow":["GET"]}}],"collection":[{"href":"https:\/\/msprimda.cz\/index.php\/wp-json\/wp\/v2\/pages"}],"about":[{"href":"https:\/\/msprimda.cz\/index.php\/wp-json\/wp\/v2\/types\/page"}],"author":[{"embeddable":true,"href":"https:\/\/msprimda.cz\/index.php\/wp-json\/wp\/v2\/users\/1"}],"replies":[{"embeddable":true,"href":"https:\/\/msprimda.cz\/index.php\/wp-json\/wp\/v2\/comments?post=13"}],"version-history":[{"count":9,"href":"https:\/\/msprimda.cz\/index.php\/wp-json\/wp\/v2\/pages\/13\/revisions"}],"predecessor-version":[{"id":39,"href":"https:\/\/msprimda.cz\/index.php\/wp-json\/wp\/v2\/pages\/13\/revisions\/39"}],"wp:attachment":[{"href":"https:\/\/msprimda.cz\/index.php\/wp-json\/wp\/v2\/media?parent=13"}],"curies":[{"name":"wp","href":"https:\/\/api.w.org\/{rel}","templated":true}]}}