{"id":25,"date":"2019-10-16T11:49:05","date_gmt":"2019-10-16T09:49:05","guid":{"rendered":"http:\/\/msprimda.cz\/?page_id=25"},"modified":"2019-10-16T12:57:08","modified_gmt":"2019-10-16T10:57:08","slug":"podzimni-cesta","status":"publish","type":"page","link":"https:\/\/msprimda.cz\/index.php\/vzdelavaci-program\/podzimni-cesta\/","title":{"rendered":"Podzimn\u00ed cesta"},"content":{"rendered":"\n<h4 class=\"wp-block-heading\"><strong>Charakteristika:<\/strong><\/h4>\n\n\n\n<p>Prost\u0159ednictv\u00edm  her v p\u0159\u00edrod\u011b, zaj\u00edmav\u00fdch v\u00fdtvarn\u00fdch, hudebn\u00edch a pohybov\u00fdch \u010dinnost\u00ed  se d\u011bti seznamuj\u00ed s charakteristick\u00fdmi znaky podzimu a to p\u0159edev\u0161\u00edm  pro\u017eitkov\u00fdm u\u010den\u00edm, smyslov\u00fdm vn\u00edm\u00e1n\u00edm, experimentov\u00e1n\u00edm. Pozn\u00e1vaj\u00ed  plody podzimu, vn\u00edmaj\u00ed p\u0159irozen\u00e9 zm\u011bny v p\u0159\u00edrod\u011b.<\/p>\n\n\n\n<ul class=\"wp-block-list\"><li>Adaptace v M\u0160, sezn\u00e1men\u00ed s prost\u0159ed\u00edm, vytv\u00e1\u0159en\u00ed kamar\u00e1dsk\u00fdch vztah\u016f, klima t\u0159\u00eddy, pocit bezpe\u010d\u00ed.<\/li><li>Aktivn\u00ed \u00fa\u010dast na tvorb\u011b pravidel t\u0159\u00eddy, jejich dodr\u017eov\u00e1n\u00ed.<\/li><li>Pozorov\u00e1n\u00ed zkoum\u00e1n\u00ed, objevov\u00e1n\u00ed souvislost\u00ed, experimentov\u00e1n\u00ed a u\u017e\u00edv\u00e1n\u00ed jednoduch\u00fdch pojm\u016f, znak\u016f a symbol\u016f.<\/li><li>Vyjad\u0159ov\u00e1n\u00ed a sd\u011blov\u00e1n\u00ed sv\u00fdch pro\u017eitk\u016f, pocit\u016f a n\u00e1lad r\u016fzn\u00fdmi prost\u0159edky &#8211; \u0159e\u010dov\u00fdmi, v\u00fdtvarn\u00fdmi, hudebn\u00edmi, pohybov\u00fdmi, dramatick\u00fdmi, apod.<\/li><\/ul>\n\n\n\n<h4 class=\"wp-block-heading\"> <strong>O\u010dek\u00e1van\u00e9 v\u00fdstupy:<\/strong><\/h4>\n\n\n\n<ul class=\"wp-block-list\"><li>Charakteristick\u00e9 znaky podzimu.<\/li><li>Spr\u00e1vn\u00e9 pojmenov\u00e1n\u00ed barev.<\/li><li>Zvl\u00e1dnout slovn\u011b hodnotit sv\u00e9 d\u00edlo i pr\u016fb\u011bh vlastn\u00ed pr\u00e1ce.<\/li><li>Neb\u00e1t se vyu\u017e\u00edt svou fantazii, p\u0159edstavivost a tvo\u0159ivost.<\/li><li>Vz\u00e1jemn\u011b spolupracovat.<\/li><li>V\u0161\u00edmat si detail\u016f.<\/li><li>Vn\u00edmat v\u0161emi smysly.<\/li><li>Uv\u011bdomovat si, jak se chovat v p\u0159\u00edrod\u011b, ale i k p\u0159\u00edrod\u011b.<\/li><\/ul>\n\n\n\n<div class=\"wp-block-button alignright\"><a class=\"wp-block-button__link\" href=\".\/vzdelavaci-program\">Zp\u011bt<\/a><\/div>\n\n\n\n<p><\/p>\n","protected":false},"excerpt":{"rendered":"<p>Charakteristika: Prost\u0159ednictv\u00edm her v p\u0159\u00edrod\u011b, zaj\u00edmav\u00fdch v\u00fdtvarn\u00fdch, hudebn\u00edch a pohybov\u00fdch \u010dinnost\u00ed se d\u011bti seznamuj\u00ed s charakteristick\u00fdmi znaky podzimu a to p\u0159edev\u0161\u00edm pro\u017eitkov\u00fdm u\u010den\u00edm, smyslov\u00fdm vn\u00edm\u00e1n\u00edm, experimentov\u00e1n\u00edm. Pozn\u00e1vaj\u00ed plody podzimu, vn\u00edmaj\u00ed p\u0159irozen\u00e9 zm\u011bny v p\u0159\u00edrod\u011b. Adaptace v M\u0160, sezn\u00e1men\u00ed s prost\u0159ed\u00edm, vytv\u00e1\u0159en\u00ed kamar\u00e1dsk\u00fdch vztah\u016f, klima t\u0159\u00eddy, [&hellip;]<\/p>\n","protected":false},"author":1,"featured_media":0,"parent":13,"menu_order":0,"comment_status":"closed","ping_status":"closed","template":"","meta":{"footnotes":""},"class_list":["post-25","page","type-page","status-publish","hentry"],"_links":{"self":[{"href":"https:\/\/msprimda.cz\/index.php\/wp-json\/wp\/v2\/pages\/25","targetHints":{"allow":["GET"]}}],"collection":[{"href":"https:\/\/msprimda.cz\/index.php\/wp-json\/wp\/v2\/pages"}],"about":[{"href":"https:\/\/msprimda.cz\/index.php\/wp-json\/wp\/v2\/types\/page"}],"author":[{"embeddable":true,"href":"https:\/\/msprimda.cz\/index.php\/wp-json\/wp\/v2\/users\/1"}],"replies":[{"embeddable":true,"href":"https:\/\/msprimda.cz\/index.php\/wp-json\/wp\/v2\/comments?post=25"}],"version-history":[{"count":4,"href":"https:\/\/msprimda.cz\/index.php\/wp-json\/wp\/v2\/pages\/25\/revisions"}],"predecessor-version":[{"id":36,"href":"https:\/\/msprimda.cz\/index.php\/wp-json\/wp\/v2\/pages\/25\/revisions\/36"}],"up":[{"embeddable":true,"href":"https:\/\/msprimda.cz\/index.php\/wp-json\/wp\/v2\/pages\/13"}],"wp:attachment":[{"href":"https:\/\/msprimda.cz\/index.php\/wp-json\/wp\/v2\/media?parent=25"}],"curies":[{"name":"wp","href":"https:\/\/api.w.org\/{rel}","templated":true}]}}