{"id":28,"date":"2019-10-16T12:34:25","date_gmt":"2019-10-16T10:34:25","guid":{"rendered":"http:\/\/msprimda.cz\/?page_id=28"},"modified":"2019-10-16T12:56:08","modified_gmt":"2019-10-16T10:56:08","slug":"cesta-do-spolecnosti","status":"publish","type":"page","link":"https:\/\/msprimda.cz\/index.php\/vzdelavaci-program\/cesta-do-spolecnosti\/","title":{"rendered":"Cesta do spole\u010dnosti"},"content":{"rendered":"\n<h4 class=\"wp-block-heading\"><strong>Charakteristika:<\/strong><\/h4>\n\n\n\n<p>Sezn\u00e1mit  d\u011bti, jejich rodi\u010de i \u0161ir\u0161\u00ed ve\u0159ejnost s lidov\u00fdmi tradicemi, vyu\u017e\u00edt toto  obdob\u00ed ke slovn\u00edm, pohybov\u00fdma hudebn\u00edm hr\u00e1m, vyu\u017e\u00edt\u00ed adventn\u00edho \u010dasu jako vhodn\u00e9 motivace k nejr\u016fzn\u011bj\u0161\u00edm \u010dinnostem a pozn\u00e1v\u00e1n\u00ed, radostn\u00e9 pro\u017e\u00edv\u00e1n\u00ed sv\u00e1tk\u016f.<\/p>\n\n\n\n<ul class=\"wp-block-list\"><li>Vn\u00edm\u00e1n\u00ed prost\u0159ed\u00ed, ve kter\u00e9m \u017eijeme, uv\u011bdomovat si, \u017ee sv\u00fdm chov\u00e1n\u00edm se na n\u011bm pod\u00edl\u00edme, ovliv\u0148ujeme ho.<\/li><li>Spole\u010dn\u00e1 rozhodnut\u00ed, dodr\u017eov\u00e1n\u00ed dohodnut\u00fdch pravidel, p\u0159izp\u016fsoben\u00ed se jim.<\/li><li>Citlivost a ohleduplnost k druh\u00fdm, pomoc star\u0161\u00edm.<\/li><li>Chr\u00e1nit osobn\u00ed soukrom\u00ed a bezpe\u010d\u00ed svoje i druh\u00fdch.<\/li><li>Citlivost a ohleduplnost k druh\u00fdm, pomoc slab\u0161\u00edm \/ vn\u00edmat nespravedlivost, ubli\u017eov\u00e1n\u00ed, agresivitu a lhostejnost.<\/li><li>Komunikace bez z\u00e1bran, v\u00fdhoda komunikativnosti, vst\u0159\u00edcnosti, aktivity.<\/li><li>Pov\u011bdom\u00ed o \u0161ir\u0161\u00edm kulturn\u00edm prost\u0159ed\u00ed, pravidla spole\u010densk\u00e9ho sou\u017eit\u00ed.<\/li><\/ul>\n\n\n\n<h4 class=\"wp-block-heading\">O\u010dek\u00e1van\u00e9 v\u00fdstupy:<\/h4>\n\n\n\n<ul class=\"wp-block-list\"><li>Navazov\u00e1n\u00ed kontaktu s dosp\u011bl\u00fdmi, spolupr\u00e1ce ve skupin\u011b.<\/li><li>Uplat\u0148ovat poznatky a zku\u0161enosti v z\u00e1kladn\u00edch form\u00e1ch spole\u010densk\u00e9ho chov\u00e1n\u00ed ve styku s dosp\u011bl\u00fdmi a d\u011btmi.<\/li><li>Spole\u010dn\u00e9 vystoupen\u00ed d\u011bt\u00ed.<\/li><li>Rozvoj hudebn\u00edch, p\u011bveck\u00fdch, rytmick\u00fdch a pohybov\u00fdch dovednost\u00ed.<\/li><li>Vytv\u00e1\u0159et aktivn\u00ed postoje ke sv\u011btu, k \u017eivotu.<\/li><li>U\u010dit se tyto vztahy a postoje vyjad\u0159ovat a projevovat.<\/li><li>Rozv\u00edjet spole\u010densk\u00fd a estetick\u00fd vkus.<\/li><\/ul>\n\n\n\n<div class=\"wp-block-button alignright\"><a class=\"wp-block-button__link\" href=\".\/vzdelavaci-program\">Zp\u011bt<\/a><\/div>\n","protected":false},"excerpt":{"rendered":"<p>Charakteristika: Sezn\u00e1mit d\u011bti, jejich rodi\u010de i \u0161ir\u0161\u00ed ve\u0159ejnost s lidov\u00fdmi tradicemi, vyu\u017e\u00edt toto obdob\u00ed ke slovn\u00edm, pohybov\u00fdma hudebn\u00edm hr\u00e1m, vyu\u017e\u00edt\u00ed adventn\u00edho \u010dasu jako vhodn\u00e9 motivace k nejr\u016fzn\u011bj\u0161\u00edm \u010dinnostem a pozn\u00e1v\u00e1n\u00ed, radostn\u00e9 pro\u017e\u00edv\u00e1n\u00ed sv\u00e1tk\u016f. Vn\u00edm\u00e1n\u00ed prost\u0159ed\u00ed, ve kter\u00e9m \u017eijeme, uv\u011bdomovat si, \u017ee sv\u00fdm chov\u00e1n\u00edm se na [&hellip;]<\/p>\n","protected":false},"author":1,"featured_media":0,"parent":13,"menu_order":0,"comment_status":"closed","ping_status":"closed","template":"","meta":{"footnotes":""},"class_list":["post-28","page","type-page","status-publish","hentry"],"_links":{"self":[{"href":"https:\/\/msprimda.cz\/index.php\/wp-json\/wp\/v2\/pages\/28","targetHints":{"allow":["GET"]}}],"collection":[{"href":"https:\/\/msprimda.cz\/index.php\/wp-json\/wp\/v2\/pages"}],"about":[{"href":"https:\/\/msprimda.cz\/index.php\/wp-json\/wp\/v2\/types\/page"}],"author":[{"embeddable":true,"href":"https:\/\/msprimda.cz\/index.php\/wp-json\/wp\/v2\/users\/1"}],"replies":[{"embeddable":true,"href":"https:\/\/msprimda.cz\/index.php\/wp-json\/wp\/v2\/comments?post=28"}],"version-history":[{"count":3,"href":"https:\/\/msprimda.cz\/index.php\/wp-json\/wp\/v2\/pages\/28\/revisions"}],"predecessor-version":[{"id":62,"href":"https:\/\/msprimda.cz\/index.php\/wp-json\/wp\/v2\/pages\/28\/revisions\/62"}],"up":[{"embeddable":true,"href":"https:\/\/msprimda.cz\/index.php\/wp-json\/wp\/v2\/pages\/13"}],"wp:attachment":[{"href":"https:\/\/msprimda.cz\/index.php\/wp-json\/wp\/v2\/media?parent=28"}],"curies":[{"name":"wp","href":"https:\/\/api.w.org\/{rel}","templated":true}]}}