{"id":32,"date":"2019-10-16T12:53:32","date_gmt":"2019-10-16T10:53:32","guid":{"rendered":"http:\/\/msprimda.cz\/?page_id=32"},"modified":"2019-10-16T12:53:49","modified_gmt":"2019-10-16T10:53:49","slug":"jarni-cesta","status":"publish","type":"page","link":"https:\/\/msprimda.cz\/index.php\/vzdelavaci-program\/jarni-cesta\/","title":{"rendered":"Jarn\u00ed cesta"},"content":{"rendered":"\n<h4 class=\"wp-block-heading\"><strong>Charakteristika:<\/strong><\/h4>\n\n\n\n<p>D\u011bti\n se r\u016fznorod\u00fdmi \u010dinnostmi u\u010d\u00ed vn\u00edmat jarn\u00ed p\u0159\u00edrodu, jej\u00ed rozmanitosti a \nodli\u0161nosti, vytv\u00e1\u0159\u00ed si pocit soun\u00e1le\u017eitosti&nbsp; s \u017eivou a ne\u017eivou p\u0159\u00edrodou,\n pozoruj\u00ed dom\u00e1c\u00ed zv\u00ed\u0159ata i exotick\u00e1, v\u0161\u00edmaj\u00ed si drobn\u00fdch \u017eivo\u010dich\u016f a \nhmyzu, pozoruj\u00ed jejich chov\u00e1n\u00ed v r\u016fzn\u00fdch ekosyst\u00e9mech. Vyu\u017e\u00edv\u00e1me v\u0161e, co\n n\u00e1m okol\u00ed M\u0160 nab\u00edz\u00ed.<\/p>\n\n\n\n<ul class=\"wp-block-list\"><li>Soust\u0159ed\u011bn\u00e9 pozorov\u00e1n\u00ed, zkoum\u00e1n\u00ed, experimentov\u00e1n\u00ed s u\u017e\u00edv\u00e1n\u00edm jednoduch\u00fdch pojm\u016f, znak\u016f, symbol\u016f &#8211; neboj\u00ed se chybovat, oce\u0148ov\u00e1n\u00ed \u00fasp\u011bchu i snahy.<\/li><li>Spont\u00e1nn\u00ed, ale i v\u011bdom\u00e9 soust\u0159ed\u011bn\u00ed a z\u00e1m\u011brn\u00e9 zapamatov\u00e1n\u00ed, postupovat dle instrukc\u00ed a pokyn\u016f, dokon\u010dovat zapo\u010datou pr\u00e1ci.<\/li><li>\u0158e\u0161it probl\u00e9my na z\u00e1klad\u011b bezprost\u0159edn\u00ed zku\u0161enosti &#8211; cesta pokusu a omylu,  zkou\u0161en\u00ed, vyu\u017eit\u00ed dosavadn\u00edch zku\u0161enost\u00ed, fantazie, p\u0159edstav.<\/li><li>Spolupod\u00edlen\u00ed na spole\u010dn\u00fdch rozhodnut\u00edch, p\u0159ij\u00edm\u00e1n\u00ed vyjasn\u011bn\u00e9 a zd\u016fvodn\u011bn\u00e9 povinnosti, dodr\u017eovat dohodnut\u00e1 pravidla a p\u0159izp\u016fsobit se jim, nevhodn\u00e9 chov\u00e1n\u00ed i komunikaci um\u011bt odm\u00edtnout.<\/li><li>Zp\u0159es\u0148ov\u00e1n\u00ed po\u010detn\u00edch p\u0159edstav, u\u017e\u00edv\u00e1n\u00ed \u010d\u00edseln\u00fdch a matematick\u00fdch pojm\u016f, vn\u00edm\u00e1n\u00ed element\u00e1rn\u00ed matematick\u00e9 souvislosti.<\/li><\/ul>\n\n\n\n<h4 class=\"wp-block-heading\">O\u010dek\u00e1van\u00e9 v\u00fdstupy:<\/h4>\n\n\n\n<ul class=\"wp-block-list\"><li>Z\u00edskat praktick\u00e9 zku\u0161enosti p\u0159i manipulaci s p\u0159\u00edrodn\u00edm materi\u00e1lem.<\/li><li>Ch\u00e1pat z\u00e1kladn\u00ed \u010d\u00edseln\u00e9 a matematick\u00e9 pojmy a souvislosti a podle pot\u0159eby je prakticky vyu\u017e\u00edvat a porovn\u00e1vat.<\/li><li>V\u011bdom\u011b vyu\u017e\u00edvat v\u0161ech smysl\u016f, z\u00e1m\u011brn\u011b pozorovat, pozorovat, post\u0159ehnout, v\u0161\u00edmat si.<\/li><li>Br\u00e1nit se projev\u016fm n\u00e1sil\u00ed, chovat se obez\u0159etn\u011b p\u0159i setk\u00e1n\u00ed s nezn\u00e1m\u00fdmi lidmi.<\/li><li>M\u00edt pov\u011bdom\u00ed, \u017ee sv\u011bt p\u0159\u00edrody m\u00e1 sv\u016fj \u0159\u00e1d, je rozmanit\u00fd a pozoruhodn\u00fd.<\/li><li>Reprodukovat kr\u00e1tk\u00e9 texty.<\/li><li>Pro\u017e\u00edvat radost za zvl\u00e1dnut\u00e9ho a poznan\u00e9ho, um\u011bt kl\u00e1st ot\u00e1zky a hledat na n\u011b odpov\u011b\u010f.<\/li><\/ul>\n\n\n\n<h4 class=\"wp-block-heading\">Projekty:<\/h4>\n\n\n\n<ul class=\"wp-block-list\"><li>Velikono\u010dn\u00ed cesta<\/li><li>\u010carod\u011bjnice Berta<\/li><\/ul>\n\n\n\n<div class=\"wp-block-button alignright\"><a class=\"wp-block-button__link\" href=\".\/vzdelavaci-program\">Zp\u011bt<\/a><\/div>\n","protected":false},"excerpt":{"rendered":"<p>Charakteristika: D\u011bti se r\u016fznorod\u00fdmi \u010dinnostmi u\u010d\u00ed vn\u00edmat jarn\u00ed p\u0159\u00edrodu, jej\u00ed rozmanitosti a odli\u0161nosti, vytv\u00e1\u0159\u00ed si pocit soun\u00e1le\u017eitosti&nbsp; s \u017eivou a ne\u017eivou p\u0159\u00edrodou, pozoruj\u00ed dom\u00e1c\u00ed zv\u00ed\u0159ata i exotick\u00e1, v\u0161\u00edmaj\u00ed si drobn\u00fdch \u017eivo\u010dich\u016f a hmyzu, pozoruj\u00ed jejich chov\u00e1n\u00ed v r\u016fzn\u00fdch ekosyst\u00e9mech. Vyu\u017e\u00edv\u00e1me v\u0161e, co n\u00e1m okol\u00ed M\u0160 [&hellip;]<\/p>\n","protected":false},"author":1,"featured_media":0,"parent":13,"menu_order":0,"comment_status":"closed","ping_status":"closed","template":"","meta":{"footnotes":""},"class_list":["post-32","page","type-page","status-publish","hentry"],"_links":{"self":[{"href":"https:\/\/msprimda.cz\/index.php\/wp-json\/wp\/v2\/pages\/32","targetHints":{"allow":["GET"]}}],"collection":[{"href":"https:\/\/msprimda.cz\/index.php\/wp-json\/wp\/v2\/pages"}],"about":[{"href":"https:\/\/msprimda.cz\/index.php\/wp-json\/wp\/v2\/types\/page"}],"author":[{"embeddable":true,"href":"https:\/\/msprimda.cz\/index.php\/wp-json\/wp\/v2\/users\/1"}],"replies":[{"embeddable":true,"href":"https:\/\/msprimda.cz\/index.php\/wp-json\/wp\/v2\/comments?post=32"}],"version-history":[{"count":1,"href":"https:\/\/msprimda.cz\/index.php\/wp-json\/wp\/v2\/pages\/32\/revisions"}],"predecessor-version":[{"id":33,"href":"https:\/\/msprimda.cz\/index.php\/wp-json\/wp\/v2\/pages\/32\/revisions\/33"}],"up":[{"embeddable":true,"href":"https:\/\/msprimda.cz\/index.php\/wp-json\/wp\/v2\/pages\/13"}],"wp:attachment":[{"href":"https:\/\/msprimda.cz\/index.php\/wp-json\/wp\/v2\/media?parent=32"}],"curies":[{"name":"wp","href":"https:\/\/api.w.org\/{rel}","templated":true}]}}