{"id":53,"date":"2019-10-16T15:11:45","date_gmt":"2019-10-16T13:11:45","guid":{"rendered":"http:\/\/msprimda.cz\/?page_id=53"},"modified":"2019-10-16T15:30:29","modified_gmt":"2019-10-16T13:30:29","slug":"spoluprace-s-rodici-a-partnery","status":"publish","type":"page","link":"https:\/\/msprimda.cz\/index.php\/spoluprace-s-rodici-a-partnery\/","title":{"rendered":"Spolupr\u00e1ce s rodi\u010di a partnery"},"content":{"rendered":"\n<h3 class=\"wp-block-heading\">Spolu\u00fa\u010dast rodi\u010d\u016f:<\/h3>\n\n\n\n<p>Rodi\u010de jsou postupn\u011b zapojov\u00e1ny do \u017eivota \u0161koly adapta\u010dn\u00edm pobytem jejich d\u00edt\u011bte, r\u016fzn\u00fdmi tradi\u010dn\u00edmi akcemi &#8211; sch\u016fzky rodi\u010d\u016f, bes\u00eddky, spole\u010dn\u00e9 akce s d\u011btmi, brann\u00e9 z\u00e1vody, zav\u00edr\u00e1n\u00ed a otv\u00edr\u00e1n\u00ed lesa, \u2026.<\/p>\n\n\n\n<p>St\u00e1le v\u00edce obl\u00edben\u00e9 jsou tzv. Pracovn\u00ed d\u00edlny s rodi\u010di, kdy lektorem je rodi\u010d a p\u0159edvede i nau\u010d\u00ed ostatn\u00ed svou obl\u00edbenou \u010dinnost. Rodi\u010de se zapojuj\u00ed i do prob\u00edhaj\u00edc\u00edch projekt\u016f, v\u00fdchovn\u011b vzd\u011bl\u00e1vac\u00ed \u010dinnosti, mohou se kdykoliv na sv\u00e9 d\u00edt\u011b informovat, pod\u00edvat a porovnat v\u00fdsledky prac\u00ed, konzultovat p\u0159\u00edpadn\u00e9 probl\u00e9my s u\u010ditelkou.<\/p>\n\n\n\n<p>P\u0159esn\u00e9 term\u00edny a informace o akc\u00edch jsou zve\u0159ej\u0148ov\u00e1ny na n\u00e1st\u011bnce a na webov\u00fdch str\u00e1nk\u00e1ch \u0161koly.&nbsp;&nbsp;<\/p>\n\n\n\n<p style=\"text-align:center\">Pl\u00e1n sch\u016fzek rodi\u010d\u016f <a href=\"https:\/\/msprimda.estranky.cz\/clanky\/plan---schuzek---rodicu.html\"><strong>zde<\/strong><\/a><\/p>\n\n\n\n<h3 class=\"wp-block-heading\">Spolupr\u00e1ce s partnery:<\/h3>\n\n\n\n<ul class=\"wp-block-list\"><li>Z\u00e1kladn\u00ed \u0161kola P\u0159imda &#8211; spolupo\u0159\u00e1d\u00e1n\u00ed r\u016fzn\u00fdch spole\u010dn\u00fdch akc\u00ed, spolupr\u00e1ce p\u0159i z\u00e1pisu do Z\u0160, vz\u00e1jemn\u00e9 n\u00e1v\u0161t\u011bvy, 1x v t\u00fddn\u011b prop\u00faj\u010den\u00ed t\u011blocvi\u010dny v Z\u0160 &#8211; realizace pohybov\u011b rekrea\u010dn\u00edho programu M\u0160.<\/li><li>Chr\u00e1n\u011bn\u00e1 krajinn\u00e1 oblast P\u0159imda &#8211; odborn\u00e9 p\u0159edn\u00e1\u0161ky s ekologickou t\u00e9matikou, praktick\u00e9 uk\u00e1zky v u\u010debn\u011b budovy CHKO P\u0159imda.<\/li><li>M\u011b\u00da P\u0159imda, SPOZ &#8211; kulturn\u00ed p\u00e1smo na v\u00edt\u00e1n\u00ed ob\u010d\u00e1nk\u016f, setk\u00e1n\u00ed senior\u016f m\u011bsta, v\u00fdroba d\u00e1rk\u016f pro d\u0159\u00edve narozen\u00e9, \u2026.<\/li><li>Spolupr\u00e1ce s M\u0160 Rozvadov &#8211; vz\u00e1jemn\u00e9 celodenn\u00ed akce s d\u011btmi, v\u00fdm\u011bna zku\u0161enost\u00ed, nav\u00e1z\u00e1n\u00ed p\u0159\u00e1telstv\u00ed.<\/li><li>Pedagogicko-psychologick\u00e1 poradna Tachov.<\/li><li>Plaveck\u00fd are\u00e1l P\u0159imda &#8211; p. Langmajer.<\/li><li>Fi. Willibetz \u2013 kulturn\u00ed p\u00e1smo na akce firmy, sponzo\u0159i M\u0160.<\/li><li>Man\u017eel\u00e9 Voitovi SRN \u2013 setk\u00e1n\u00ed p\u0159i bes\u00eddk\u00e1ch, sponzo\u0159i M\u0160<\/li><li>Fi.Svil \u2013 dod\u00e1vka medu pro d\u011bti, setk\u00e1v\u00e1n\u00ed p\u0159i bes\u00eddk\u00e1ch, sponzo\u0159i M\u0160<\/li><\/ul>\n","protected":false},"excerpt":{"rendered":"<p>Spolu\u00fa\u010dast rodi\u010d\u016f: Rodi\u010de jsou postupn\u011b zapojov\u00e1ny do \u017eivota \u0161koly adapta\u010dn\u00edm pobytem jejich d\u00edt\u011bte, r\u016fzn\u00fdmi tradi\u010dn\u00edmi akcemi &#8211; sch\u016fzky rodi\u010d\u016f, bes\u00eddky, spole\u010dn\u00e9 akce s d\u011btmi, brann\u00e9 z\u00e1vody, zav\u00edr\u00e1n\u00ed a otv\u00edr\u00e1n\u00ed lesa, \u2026. St\u00e1le v\u00edce obl\u00edben\u00e9 jsou tzv. Pracovn\u00ed d\u00edlny s rodi\u010di, kdy lektorem je rodi\u010d a [&hellip;]<\/p>\n","protected":false},"author":1,"featured_media":0,"parent":0,"menu_order":0,"comment_status":"closed","ping_status":"closed","template":"","meta":{"footnotes":""},"class_list":["post-53","page","type-page","status-publish","hentry"],"_links":{"self":[{"href":"https:\/\/msprimda.cz\/index.php\/wp-json\/wp\/v2\/pages\/53","targetHints":{"allow":["GET"]}}],"collection":[{"href":"https:\/\/msprimda.cz\/index.php\/wp-json\/wp\/v2\/pages"}],"about":[{"href":"https:\/\/msprimda.cz\/index.php\/wp-json\/wp\/v2\/types\/page"}],"author":[{"embeddable":true,"href":"https:\/\/msprimda.cz\/index.php\/wp-json\/wp\/v2\/users\/1"}],"replies":[{"embeddable":true,"href":"https:\/\/msprimda.cz\/index.php\/wp-json\/wp\/v2\/comments?post=53"}],"version-history":[{"count":2,"href":"https:\/\/msprimda.cz\/index.php\/wp-json\/wp\/v2\/pages\/53\/revisions"}],"predecessor-version":[{"id":56,"href":"https:\/\/msprimda.cz\/index.php\/wp-json\/wp\/v2\/pages\/53\/revisions\/56"}],"wp:attachment":[{"href":"https:\/\/msprimda.cz\/index.php\/wp-json\/wp\/v2\/media?parent=53"}],"curies":[{"name":"wp","href":"https:\/\/api.w.org\/{rel}","templated":true}]}}