{"id":67,"date":"2019-11-06T12:06:15","date_gmt":"2019-11-06T11:06:15","guid":{"rendered":"http:\/\/msprimda.cz\/?page_id=67"},"modified":"2019-11-06T12:06:15","modified_gmt":"2019-11-06T11:06:15","slug":"plan-schuzek-rodicu","status":"publish","type":"page","link":"https:\/\/msprimda.cz\/index.php\/plan-schuzek-rodicu\/","title":{"rendered":"Pl\u00e1n sch\u016fzek rodi\u010d\u016f"},"content":{"rendered":"\n<ol class=\"wp-block-list\"><li>Seznamovac\u00ed ch\u016fzka<ul><li>Ro\u010dn\u00ed pl\u00e1n M\u0160 &#8211; t\u0159\u00eddn\u00ed programy, pl\u00e1ny akc\u00ed, re\u017eim dne,  \u0161koln\u00ed \u0159\u00e1d.<\/li><li>Hospoda\u0159en\u00ed \u0161koly,organiza\u010dn\u00ed \u0159\u00e1d \u0161koly.<\/li><li>Stravov\u00e1n\u00ed d\u011bt\u00ed.<\/li><li>Schv\u00e1len\u00ed provozu \u0161koly, uzav\u0159en\u00ed o v\u00e1no\u010dn\u00edch pr\u00e1zdnin\u00e1ch<\/li><li>P\u0159ipravovan\u00e9 akce na 1. pololet\u00ed &#8211; plav\u00e1n\u00ed, fotografov\u00e1n\u00ed<\/li><\/ul><\/li><li>V\u00e1no\u010dn\u00ed bes\u00eddka<ul><li>Shrnut\u00ed v\u00fdsledk\u016f za uplynul\u00e9 obdob\u00ed.<\/li><li>R\u016fzn\u00e9, diskuse.<\/li><li>P\u0159\u00e1telsk\u00e9 posezen\u00ed s kulturn\u00edm programem.<\/li><\/ul><\/li><li>Posezen\u00ed u ber\u00e1nka<ul><li>Uk\u00e1zka v\u00fdchovn\u011b vzd\u011bl\u00e1vac\u00ed pr\u00e1ce s d\u011btmi.<\/li><li>Hospoda\u0159en\u00ed M\u0160, stravn\u00e9.<\/li><li>Uzav\u0159en\u00ed M\u0160 o hlavn\u00edch pr\u00e1zdnin\u00e1ch.<\/li><li>Pl\u00e1n akc\u00ed pro d\u011bti a rodi\u010de &#8211; vyhodnocen\u00ed sout\u011b\u017ee, br. z\u00e1vod.<\/li><li>Organiza\u010dn\u00ed z\u00e1le\u017eitosti v jednotliv\u00fdch t\u0159\u00edd\u00e1ch.<\/li><\/ul><\/li><li>Pracovn\u00ed d\u00edlny s rodi\u010di<ul><li>Rukod\u011bln\u00e9 \u010dinnosti dle aktu\u00e1ln\u00ed nab\u00eddky &#8211; lekto\u0159i jsou rodi\u010de<\/li><li>Beseda\u00a0 s odborn\u00edky &#8211; dle z\u00e1jmu s logopedkou, s u\u010ditelkou Z\u0160, s d\u011btskou l\u00e9ka\u0159kou, \u2026<\/li><\/ul><\/li><\/ol>\n\n\n\n<p><\/p>\n","protected":false},"excerpt":{"rendered":"<p>Seznamovac\u00ed ch\u016fzka Ro\u010dn\u00ed pl\u00e1n M\u0160 &#8211; t\u0159\u00eddn\u00ed programy, pl\u00e1ny akc\u00ed, re\u017eim dne, \u0161koln\u00ed \u0159\u00e1d. Hospoda\u0159en\u00ed \u0161koly,organiza\u010dn\u00ed \u0159\u00e1d \u0161koly. Stravov\u00e1n\u00ed d\u011bt\u00ed. Schv\u00e1len\u00ed provozu \u0161koly, uzav\u0159en\u00ed o v\u00e1no\u010dn\u00edch pr\u00e1zdnin\u00e1ch P\u0159ipravovan\u00e9 akce na 1. pololet\u00ed &#8211; plav\u00e1n\u00ed, fotografov\u00e1n\u00ed V\u00e1no\u010dn\u00ed bes\u00eddka Shrnut\u00ed v\u00fdsledk\u016f za uplynul\u00e9 obdob\u00ed. R\u016fzn\u00e9, diskuse. P\u0159\u00e1telsk\u00e9 [&hellip;]<\/p>\n","protected":false},"author":1,"featured_media":0,"parent":0,"menu_order":0,"comment_status":"closed","ping_status":"closed","template":"","meta":{"footnotes":""},"class_list":["post-67","page","type-page","status-publish","hentry"],"_links":{"self":[{"href":"https:\/\/msprimda.cz\/index.php\/wp-json\/wp\/v2\/pages\/67","targetHints":{"allow":["GET"]}}],"collection":[{"href":"https:\/\/msprimda.cz\/index.php\/wp-json\/wp\/v2\/pages"}],"about":[{"href":"https:\/\/msprimda.cz\/index.php\/wp-json\/wp\/v2\/types\/page"}],"author":[{"embeddable":true,"href":"https:\/\/msprimda.cz\/index.php\/wp-json\/wp\/v2\/users\/1"}],"replies":[{"embeddable":true,"href":"https:\/\/msprimda.cz\/index.php\/wp-json\/wp\/v2\/comments?post=67"}],"version-history":[{"count":1,"href":"https:\/\/msprimda.cz\/index.php\/wp-json\/wp\/v2\/pages\/67\/revisions"}],"predecessor-version":[{"id":69,"href":"https:\/\/msprimda.cz\/index.php\/wp-json\/wp\/v2\/pages\/67\/revisions\/69"}],"wp:attachment":[{"href":"https:\/\/msprimda.cz\/index.php\/wp-json\/wp\/v2\/media?parent=67"}],"curies":[{"name":"wp","href":"https:\/\/api.w.org\/{rel}","templated":true}]}}