{"id":75,"date":"2019-11-06T12:35:06","date_gmt":"2019-11-06T11:35:06","guid":{"rendered":"http:\/\/msprimda.cz\/?page_id=75"},"modified":"2024-02-15T12:36:21","modified_gmt":"2024-02-15T11:36:21","slug":"kontakt","status":"publish","type":"page","link":"https:\/\/msprimda.cz\/index.php\/kontakt\/","title":{"rendered":"Kontakt"},"content":{"rendered":"\n<p><strong>Mate\u0159sk\u00e1 \u0161kola P\u0159imda<\/strong>,<br>Severn\u00ed 226, okres Tachov, p\u0159\u00edsp\u011bvkov\u00e1 organizace<br><strong>\u0158editelka <\/strong><br>Alena R\u016f\u017ei\u010dkov\u00e1<br><strong>Telefon<\/strong><br>721 654 393<br><strong>E-mail<\/strong><br><a href=\"mailto:msprimda@seznam.cz\">msprimda@seznam.cz<\/a><\/p>\n\n\n\n<p><strong>Datov\u00e1 schr\u00e1nka<\/strong><\/p>\n\n\n\n<p>ID: zsskx7w<\/p>\n\n\n\n<p><strong>Pov\u011b\u0159enec GDPR<\/strong><\/p>\n\n\n\n<p>JUDr. Jan \u0160\u0165astn\u00fd, MPA<\/p>\n\n\n\n<p>E-mail:\u00a0<a href=\"mailto:lembachermilan@volny.cz\">stastny@catania.cz<\/a><br>Mob.: 777\u00a0418\u00a0512<\/p>\n\n\n\n<p><\/p>\n\n\n\n<iframe loading=\"lazy\" src=\"https:\/\/www.google.com\/maps\/embed?pb=!1m18!1m12!1m3!1d2581.8505563006565!2d12.671102415884567!3d49.67595365074599!2m3!1f0!2f0!3f0!3m2!1i1024!2i768!4f13.1!3m3!1m2!1s0x47a074944df046af%3A0xc8ad88b446433972!2zTWF0ZcWZc2vDoSDFoWtvbGEgUMWZaW1kYSwgb2tyZXMgVGFjaG92LCBwxZnDrXNwxJt2a292w6Egb3JnYW5pemFjZSAtIE1hdGXFmXNrw6EgxaFrb2xh!5e0!3m2!1scs!2scz!4v1573039690796!5m2!1scs!2scz\" width=\"600\" height=\"450\" frameborder=\"0\" style=\"border:0;\" allowfullscreen=\"\"><\/iframe>\n","protected":false},"excerpt":{"rendered":"<p>Mate\u0159sk\u00e1 \u0161kola P\u0159imda,Severn\u00ed 226, okres Tachov, p\u0159\u00edsp\u011bvkov\u00e1 organizace\u0158editelka Alena R\u016f\u017ei\u010dkov\u00e1Telefon721 654 393E-mailmsprimda@seznam.cz Datov\u00e1 schr\u00e1nka ID: zsskx7w Pov\u011b\u0159enec GDPR JUDr. Jan \u0160\u0165astn\u00fd, MPA E-mail:\u00a0stastny@catania.czMob.: 777\u00a0418\u00a0512<\/p>\n","protected":false},"author":1,"featured_media":0,"parent":0,"menu_order":0,"comment_status":"closed","ping_status":"closed","template":"","meta":{"footnotes":""},"class_list":["post-75","page","type-page","status-publish","hentry"],"_links":{"self":[{"href":"https:\/\/msprimda.cz\/index.php\/wp-json\/wp\/v2\/pages\/75","targetHints":{"allow":["GET"]}}],"collection":[{"href":"https:\/\/msprimda.cz\/index.php\/wp-json\/wp\/v2\/pages"}],"about":[{"href":"https:\/\/msprimda.cz\/index.php\/wp-json\/wp\/v2\/types\/page"}],"author":[{"embeddable":true,"href":"https:\/\/msprimda.cz\/index.php\/wp-json\/wp\/v2\/users\/1"}],"replies":[{"embeddable":true,"href":"https:\/\/msprimda.cz\/index.php\/wp-json\/wp\/v2\/comments?post=75"}],"version-history":[{"count":7,"href":"https:\/\/msprimda.cz\/index.php\/wp-json\/wp\/v2\/pages\/75\/revisions"}],"predecessor-version":[{"id":2107,"href":"https:\/\/msprimda.cz\/index.php\/wp-json\/wp\/v2\/pages\/75\/revisions\/2107"}],"wp:attachment":[{"href":"https:\/\/msprimda.cz\/index.php\/wp-json\/wp\/v2\/media?parent=75"}],"curies":[{"name":"wp","href":"https:\/\/api.w.org\/{rel}","templated":true}]}}