{"id":8,"date":"2019-10-14T21:01:27","date_gmt":"2019-10-14T19:01:27","guid":{"rendered":"http:\/\/msprimda.cz\/?page_id=8"},"modified":"2020-11-04T15:21:52","modified_gmt":"2020-11-04T14:21:52","slug":"charakteristika-skoly","status":"publish","type":"page","link":"https:\/\/msprimda.cz\/index.php\/charakteristika-skoly\/","title":{"rendered":"Charakteristika \u0161koly"},"content":{"rendered":"\n<p>Mate\u0159sk\u00e1\n \u0161kola je dvout\u0159\u00eddn\u00ed s kapacitou 46 d\u011bt\u00ed. Jedna t\u0159\u00edda v jednopodla\u017en\u00ed \nrekonstruovan\u00e9 star\u00e9 budov\u011b, druh\u00e1 v p\u0159\u00edzemn\u00ed p\u0159\u00edstavb\u011b, jsou propojeny \nspojovac\u00ed chodbou. M\u0160 m\u00e1 vlastn\u00ed kuchy\u0148 s j\u00eddelnou pro ob\u011b odd\u011blen\u00ed. \nKa\u017ed\u00e1 t\u0159\u00edda m\u00e1 svou hernu, t\u0159\u00edda men\u0161\u00edch d\u011bt\u00ed i samostatnou lo\u017enici, u \nvelk\u00fdch d\u011bt\u00ed je realizov\u00e1n tzv. nespav\u00fd re\u017eim.D\u00e1le m\u00e1 ka\u017ed\u00e1 t\u0159\u00edda svoji \n\u0161atnu, soci\u00e1ln\u00ed za\u0159\u00edzen\u00ed i samostatn\u00fd vchod.\u0160koln\u00ed zahrada je kolem cel\u00e9\n budovy M\u0160, je vybavena p\u00edskovi\u0161ti, domky,baz\u00e9ny, \u010d\u00e1st je upravena \nz\u00e1mkovou dla\u017ebou, vhodnou k r\u016fzn\u00fdm \u010dinnostem, j\u00edzd\u011b na kolob\u011b\u017ek\u00e1ch, ale \nzat\u00edm st\u00e1le nen\u00ed zahrada vybudov\u00e1na podle na\u0161ich p\u0159edstav. V posledn\u00edch \nletech do\u0161lo k n\u011bkolika z\u00e1sadn\u00edm oprav\u00e1m a \u00faprav\u00e1m budovy. V roce 2005 \nbyly t\u0159\u00eddy vybaveny nov\u00fdmi stoly a \u017eidlemi, koberci a linem, nov\u011b byla \npolo\u017eena dla\u017eba do \u0161atny ve 2.t\u0159\u00edd\u011b a nov\u00e9 lino v \u0161atn\u011b 1.t\u0159\u00eddy. V roce \n2006 se poda\u0159ilo z\u00edskat dotaci a mohla prob\u011bhnout v\u00fdm\u011bna oken v cel\u00e9 \nbudov\u011b, v roce n\u00e1sleduj\u00edc\u00edm do\u0161lo i na v\u00fdm\u011bnu vchodov\u00fdch dve\u0159\u00ed a \nvybudov\u00e1n\u00ed ods\u00e1vac\u00edho za\u0159\u00edzen\u00ed ve \u0161koln\u00ed j\u00eddeln\u011b. V roce 2008 byly \n\u010d\u00e1ste\u010dn\u011b rekonstruov\u00e1ny um\u00fdv\u00e1rny, d\u00edky sponzorsk\u00fdm dar\u016fm p\u0159ibyl na \n\u0161koln\u00ed zahrad\u011b zahradn\u00ed domek na hra\u010dky, z\u00e1bradl\u00ed na terase, opravili \njsme p\u00edskovi\u0161t\u011b a po\u0159\u00eddili jsme zahradn\u00ed stolky s lavi\u010dkami, abychom \nsva\u010diny i leckter\u00e9 vzd\u011bl\u00e1vac\u00ed \u010dinnosti mohli prov\u00e1d\u011bt venku. V roce 2009\n bylo investov\u00e1no do \u0161koln\u00ed j\u00eddelny \u2013 \u017eidle pro d\u011bti, nov\u00e1 kuchy\u0148sk\u00e1 \nlinka a rychlej\u0161\u00ed po\u010d\u00edta\u010dov\u00e9 vybaven\u00ed v\u010detn\u011b nejnov\u011bj\u0161\u00edch program\u016f na \nzpracov\u00e1n\u00ed stravov\u00e1n\u00ed a sklad\u016f ve \u0160J.&nbsp; Ve t\u0159\u00edd\u00e1ch byly dle nov\u00fdch \nhygienick\u00fdch norem vym\u011bn\u011bny sv\u011btla.<\/p>\n\n\n\n<p>Z\u00e1pis\n do M\u0160 prob\u00edh\u00e1 zpravidla v \u010dervnu, rodi\u010dovsk\u00e1 ve\u0159ejnost je informov\u00e1na v\n denn\u00edm tisku Tachovsk\u00fd den\u00edk, ve \u010dtvrtletn\u00edku&nbsp; M\u011bsto P\u0159imda, m\u00edstn\u00edm \nrozhlasem, na v\u00fdv\u011bsk\u00e1ch M\u011b\u00da, v obchod\u011b a v budov\u011b M\u0160.D\u011bti jsou p\u0159ij\u00edm\u00e1ny\n dle stanoven\u00fdch krit\u00e9rii, b\u011bhem roku se d\u011bti p\u0159ij\u00edmaj\u00ed na uvoln\u011bn\u00e9 \nm\u00edsto. P\u0159ednostn\u011b jsou p\u0159ijaty d\u011bti p\u0159ed\u0161koln\u00ed, akceptujeme i p\u0159\u00edpadn\u00fd \npo\u017eadavek rodi\u010d\u016f um\u00edst\u011bn\u00ed sourozenc\u016f do jedn\u00e9 t\u0159\u00eddy. Adapta\u010dn\u00ed doba : \ndle pot\u0159eb d\u00edt\u011bte a z\u00e1jmu rodi\u010d\u016f<\/p>\n\n\n\n<h3 class=\"wp-block-heading\">Rozd\u011blen\u00ed do t\u0159\u00edd: <\/h3>\n\n\n\n<h5 class=\"wp-block-heading\">1. t\u0159\u00edda: d\u011bti 2-4 let\u00e9<\/h5>\n\n\n\n<p>T\u0159\u00edda sv\u00fdm vybaven\u00edm \/ nov\u00e9 stoly a \u017eidle, \u010d\u00e1st n\u00e1bytku \/ a uspo\u0159\u00e1d\u00e1n\u00edm  vyhovuje mlad\u0161\u00edm d\u011btem. Pro hudebn\u00ed a tane\u010dn\u00ed vy\u017eit\u00ed je ve t\u0159\u00edd\u011b piano,  hrac\u00ed koutky slou\u017e\u00ed k r\u016fzn\u00fdm \u010dinnostem a \u00fakryt\u016fm skupink\u00e1m, ale i  jednotlivc\u016fm. D\u011bti po ob\u011bd\u011b odpo\u010d\u00edvaj\u00ed na sv\u00e9m leh\u00e1tku \/ ozna\u010den\u00ed  jmenovkou \u2013 zna\u010dkou \/ v samostatn\u00e9 lo\u017enici.<\/p>\n\n\n\n<h5 class=\"wp-block-heading\">2. t\u0159\u00edda : d\u011bti 5-7 let\u00e9<\/h5>\n\n\n\n<p>Prost\u0159ed\u00ed  je p\u0159izp\u016fsobeno pro d\u011bti star\u0161\u00ed, p\u0159ed\u0161koln\u00ed.T\u0159\u00edda je sv\u011btl\u00e1, prostorn\u00e1 s  vy\u0161\u0161\u00edmi stropy, p\u0159im\u011b\u0159en\u011b vybavena k r\u016fzn\u00fdm \u010dinnostem. \u010c\u00e1ste\u010dn\u011b  vybavena nov\u00fdm n\u00e1bytkem \u2013 stoly a \u017eidle.D\u011bti jsou vedeny k samostatnosti  \/ samoobsluha p\u0159i sva\u010din\u011b, nal\u00e9v\u00e1n\u00ed pol\u00e9vky apod.\/ M\u0160 m\u00e1 samostatnou  j\u00eddelnu, tak\u017ee d\u011bti nemus\u00ed b\u00fdt v jednom prostoru p\u0159i j\u00eddle i p\u0159i h\u0159e.<\/p>\n\n\n\n<p>Na\u0161e mate\u0159sk\u00e1 \u0161kola je vedena mottem: M\u011bjte d\u011bti r\u00e1dy takov\u00e9, jak\u00e9 jsou. Vytvo\u0159te jim takov\u00e9 podm\u00ednky, aby se postupn\u011b mohly st\u00e1vat samostatn\u011bj\u0161\u00edmi, sebev\u011bdom\u011bj\u0161\u00edmi, sob\u011bsta\u010dn\u011bj\u0161\u00edmi, vn\u00edmav\u00fdmi k okol\u00ed a  to i v p\u0159\u00edpad\u011b, \u017ee jsou \u201ejin\u00e9\u201c.<\/p>\n\n\n\n<p>Tomuto pod\u0159izujeme u\u017e p\u0159ij\u00edm\u00e1n\u00ed d\u011bt\u00ed &#8211; rodi\u010de nov\u00fdch d\u011bt\u00ed jsou p\u0159i z\u00e1pisu  seznamov\u00e1ni s M\u0160, jej\u00edmi podm\u00ednkami, mo\u017enostmi, obsazen\u00edm&nbsp; aj. Jeliko\u017e  jsme mal\u00e9 m\u011bsto d\u011bti nep\u0159ich\u00e1z\u00ed&nbsp; do zcela nezn\u00e1m\u00e9ho prost\u0159ed\u00ed, rodi\u010de mohou j\u00edt s d\u011btmi se v\u0161emi u\u010ditelkami na vych\u00e1zku, mohou vyu\u017e\u00edt  i ind. n\u00e1v\u0161t\u011bv v jednotliv\u00fdch t\u0159\u00edd\u00e1ch je\u0161t\u011b p\u0159ed vlastn\u00edm n\u00e1stupem do \u0161koly.<\/p>\n\n\n\n<p>V\u0161echny\n d\u011bti jsou rovnocenn\u00e9, \u017e\u00e1dn\u00e9 nen\u00ed \u017e\u00e1dn\u00fdm zp\u016fsobem diskriminov\u00e1no.&nbsp; \nJednotliv\u00e9 TVP umo\u017e\u0148uj\u00ed v\u011bnovat zv\u00fd\u0161enou p\u00e9\u010di d\u011btem, kter\u00e9 to pot\u0159ebuj\u00ed,\n maj\u00ed moment\u00e1ln\u00ed probl\u00e9m, p\u0159ich\u00e1zej\u00ed po del\u0161\u00ed nep\u0159\u00edtomnosti apod. \u0158\u00edzen\u00e9\n \u010dinnosti jsou dostate\u010dn\u011b st\u0159\u00edd\u00e1ny \u010dinnostmi podle volby d\u011bt\u00ed, \noddechov\u00fdmi \u010dinnostmi, pohybov\u00fdmi aktivitami. Aby d\u011bti v\u011bd\u011bly, kde jsou \nhranice volnosti, p\u0159ipravuj\u00ed spole\u010dn\u011b pravidla chov\u00e1n\u00ed, kter\u00e1 dodr\u017euj\u00ed.<\/p>\n\n\n\n<p>D\u011bti jsou&nbsp; respektov\u00e1ny, nem\u00e1me probl\u00e9my se za\u0159azov\u00e1n\u00edm nebo nerespektov\u00e1n\u00edm d\u011bt\u00ed.&nbsp; <\/p>\n","protected":false},"excerpt":{"rendered":"<p>Mate\u0159sk\u00e1 \u0161kola je dvout\u0159\u00eddn\u00ed s kapacitou 46 d\u011bt\u00ed. Jedna t\u0159\u00edda v jednopodla\u017en\u00ed rekonstruovan\u00e9 star\u00e9 budov\u011b, druh\u00e1 v p\u0159\u00edzemn\u00ed p\u0159\u00edstavb\u011b, jsou propojeny spojovac\u00ed chodbou. M\u0160 m\u00e1 vlastn\u00ed kuchy\u0148 s j\u00eddelnou pro ob\u011b odd\u011blen\u00ed. Ka\u017ed\u00e1 t\u0159\u00edda m\u00e1 svou hernu, t\u0159\u00edda men\u0161\u00edch d\u011bt\u00ed i samostatnou lo\u017enici, u velk\u00fdch [&hellip;]<\/p>\n","protected":false},"author":1,"featured_media":0,"parent":0,"menu_order":0,"comment_status":"closed","ping_status":"closed","template":"","meta":{"footnotes":""},"class_list":["post-8","page","type-page","status-publish","hentry"],"_links":{"self":[{"href":"https:\/\/msprimda.cz\/index.php\/wp-json\/wp\/v2\/pages\/8","targetHints":{"allow":["GET"]}}],"collection":[{"href":"https:\/\/msprimda.cz\/index.php\/wp-json\/wp\/v2\/pages"}],"about":[{"href":"https:\/\/msprimda.cz\/index.php\/wp-json\/wp\/v2\/types\/page"}],"author":[{"embeddable":true,"href":"https:\/\/msprimda.cz\/index.php\/wp-json\/wp\/v2\/users\/1"}],"replies":[{"embeddable":true,"href":"https:\/\/msprimda.cz\/index.php\/wp-json\/wp\/v2\/comments?post=8"}],"version-history":[{"count":6,"href":"https:\/\/msprimda.cz\/index.php\/wp-json\/wp\/v2\/pages\/8\/revisions"}],"predecessor-version":[{"id":361,"href":"https:\/\/msprimda.cz\/index.php\/wp-json\/wp\/v2\/pages\/8\/revisions\/361"}],"wp:attachment":[{"href":"https:\/\/msprimda.cz\/index.php\/wp-json\/wp\/v2\/media?parent=8"}],"curies":[{"name":"wp","href":"https:\/\/api.w.org\/{rel}","templated":true}]}}