{"id":80,"date":"2019-11-06T15:24:33","date_gmt":"2019-11-06T14:24:33","guid":{"rendered":"http:\/\/msprimda.cz\/?page_id=80"},"modified":"2026-04-19T15:34:37","modified_gmt":"2026-04-19T13:34:37","slug":"jidelnicek","status":"publish","type":"page","link":"https:\/\/msprimda.cz\/index.php\/jidelnicek\/","title":{"rendered":"J\u00eddeln\u00ed\u010dek"},"content":{"rendered":"<a href=\"https:\/\/msprimda.cz\/wp-content\/uploads\/2026\/04\/3-4.pdf\" class=\"pdfemb-viewer\" style=\"\" data-width=\"max\" data-height=\"max\" data-toolbar=\"bottom\" data-toolbar-fixed=\"off\">3-4<\/a>\n\n\n<p>Zm\u011bna j\u00eddeln\u00edho l\u00edstku a alergeny vyhrazena.<\/p>\n\n\n\n<p>J\u00eddeln\u00ed\u010dek sestavila : Veronika Slevinsk\u00e1 &#8211; kucha\u0159ka<\/p>\n\n\n\n<p>Informace o alergenu v potravin\u00e1ch je vyzna\u010dena na j\u00eddlen\u00edm l\u00edstku \u010d\u00edselnou formou.<\/p>\n\n\n\n<figure class=\"wp-block-image\"><img loading=\"lazy\" decoding=\"async\" width=\"1024\" height=\"898\" src=\"http:\/\/msprimda.cz\/wp-content\/uploads\/2019\/11\/alergeny-1024x898.png\" alt=\"\" class=\"wp-image-103\" srcset=\"https:\/\/msprimda.cz\/wp-content\/uploads\/2019\/11\/alergeny-1024x898.png 1024w, https:\/\/msprimda.cz\/wp-content\/uploads\/2019\/11\/alergeny-300x263.png 300w, https:\/\/msprimda.cz\/wp-content\/uploads\/2019\/11\/alergeny-768x674.png 768w, https:\/\/msprimda.cz\/wp-content\/uploads\/2019\/11\/alergeny.png 1500w\" sizes=\"auto, (max-width: 1024px) 100vw, 1024px\" \/><\/figure>\n\n\n<!-- PDF Embedder: Please provide an \"URL\" attribute in your shortcode. -->\n\n<!-- PDF Embedder: Please provide an \"URL\" attribute in your shortcode. -->","protected":false},"excerpt":{"rendered":"<p>Zm\u011bna j\u00eddeln\u00edho l\u00edstku a alergeny vyhrazena. J\u00eddeln\u00ed\u010dek sestavila : Veronika Slevinsk\u00e1 &#8211; kucha\u0159ka Informace o alergenu v potravin\u00e1ch je vyzna\u010dena na j\u00eddlen\u00edm l\u00edstku \u010d\u00edselnou formou.<\/p>\n","protected":false},"author":1,"featured_media":0,"parent":0,"menu_order":0,"comment_status":"closed","ping_status":"closed","template":"","meta":{"footnotes":""},"class_list":["post-80","page","type-page","status-publish","hentry"],"_links":{"self":[{"href":"https:\/\/msprimda.cz\/index.php\/wp-json\/wp\/v2\/pages\/80","targetHints":{"allow":["GET"]}}],"collection":[{"href":"https:\/\/msprimda.cz\/index.php\/wp-json\/wp\/v2\/pages"}],"about":[{"href":"https:\/\/msprimda.cz\/index.php\/wp-json\/wp\/v2\/types\/page"}],"author":[{"embeddable":true,"href":"https:\/\/msprimda.cz\/index.php\/wp-json\/wp\/v2\/users\/1"}],"replies":[{"embeddable":true,"href":"https:\/\/msprimda.cz\/index.php\/wp-json\/wp\/v2\/comments?post=80"}],"version-history":[{"count":84,"href":"https:\/\/msprimda.cz\/index.php\/wp-json\/wp\/v2\/pages\/80\/revisions"}],"predecessor-version":[{"id":2471,"href":"https:\/\/msprimda.cz\/index.php\/wp-json\/wp\/v2\/pages\/80\/revisions\/2471"}],"wp:attachment":[{"href":"https:\/\/msprimda.cz\/index.php\/wp-json\/wp\/v2\/media?parent=80"}],"curies":[{"name":"wp","href":"https:\/\/api.w.org\/{rel}","templated":true}]}}